{"id":2829,"date":"2015-11-29T07:57:27","date_gmt":"2015-11-29T06:57:27","guid":{"rendered":"http:\/\/naehrlich.de\/daserberoms\/?page_id=2829"},"modified":"2025-12-22T07:30:28","modified_gmt":"2025-12-22T06:30:28","slug":"autor-und-ueberblick","status":"publish","type":"page","link":"https:\/\/naehrlich.de\/daserberoms\/autor-und-ueberblick\/","title":{"rendered":"Autor &#038; \u00dcberblick"},"content":{"rendered":"<p>Herzlich willkommen, liebe Leserin, lieber Leser, auf meinem alten Blog <em>Das Erbe Roms<\/em>. Ich bin Stefan N\u00e4hrlich aus Berlin.<\/p>\n<p><strong>Mein neuer Blog zum gleichen Thema, aber mit anderem Design und bei einem anderen Webhoster, <a href=\"https:\/\/www.daserberoms.de\">ist hier zu finden<\/a>. Dort erscheinen auch die neuen Beitr\u00e4ge. Diese alten Webseiten hier bleiben noch bestehen. Die Anmeldung zum Newsletter ist jedoch abgeschaltet.<\/strong><\/p>\n<p>Im August 2018 bin ich von einem blogtypischen Design (Theme <a href=\"https:\/\/naehrlich.de\/daserberoms\/2018\/08\/26\/das-erbe-roms-im-neuen-design\/\">Make<\/a>) auf ein Storytelling Design (Theme Novella) und die <a href=\"http:\/\/aesopstoryengine.com\" target=\"_blank\" rel=\"noopener noreferrer\">Aesop Story Engine<\/a> umgestiegen. Im Dezember 2021 habe ich mir nochmals Gedanken \u00fcber Konzept und Struktur meines Blogs gemacht. Neben dem neuen Startbild habe ich auch die Kategorien \u00fcberarbeitet und sie nachfolgend als Inhaltsverzeichnis eingef\u00fcgt. Im Januar 2026 habe ich aus verschiedenen Gr\u00fcnden meinen Blog neu aufgesetzt. \u00dcber Tipps und Erfahrungsaustausch freue ich mich, ebenso \u00fcber Feedback, Hinweise oder Anregungen. Man kann meine Beitr\u00e4ge auf den jeweiligen Seiten kommentieren.\u00a0<\/p>\n<p><!-- Collections --><\/p>\n<p><!-- Collections --><\/p>\n<p><!-- Collections --><\/p>\n\n\n<center> \n<div class=\"wpcf7 no-js\" id=\"wpcf7-f14083-o1\" lang=\"de-DE\" dir=\"ltr\" data-wpcf7-id=\"14083\">\n<div class=\"screen-reader-response\"><p role=\"status\" aria-live=\"polite\" aria-atomic=\"true\"><\/p> <ul><\/ul><\/div>\n<form action=\"\/daserberoms\/wp-json\/wp\/v2\/pages\/2829#wpcf7-f14083-o1\" method=\"post\" class=\"wpcf7-form init\" aria-label=\"Kontaktformular\" novalidate=\"novalidate\" data-status=\"init\">\n<fieldset class=\"hidden-fields-container\"><input type=\"hidden\" name=\"_wpcf7\" value=\"14083\" \/><input type=\"hidden\" name=\"_wpcf7_version\" value=\"6.1.5\" \/><input type=\"hidden\" name=\"_wpcf7_locale\" value=\"de_DE\" \/><input type=\"hidden\" name=\"_wpcf7_unit_tag\" value=\"wpcf7-f14083-o1\" \/><input type=\"hidden\" name=\"_wpcf7_container_post\" value=\"0\" \/><input type=\"hidden\" name=\"_wpcf7_posted_data_hash\" value=\"\" \/>\n<\/fieldset>\n<p><label> Dein Name (*)<br \/>\n<span class=\"wpcf7-form-control-wrap\" data-name=\"your-name\"><input size=\"40\" maxlength=\"400\" class=\"wpcf7-form-control wpcf7-text wpcf7-validates-as-required\" aria-required=\"true\" aria-invalid=\"false\" value=\"\" type=\"text\" name=\"your-name\" \/><\/span> <\/label>\n<\/p>\n<p><label> Deine E-Mail-Adresse (*)<br \/>\n<span class=\"wpcf7-form-control-wrap\" data-name=\"your-email\"><input size=\"40\" maxlength=\"400\" class=\"wpcf7-form-control wpcf7-email wpcf7-validates-as-required wpcf7-text wpcf7-validates-as-email\" aria-required=\"true\" aria-invalid=\"false\" value=\"\" type=\"email\" name=\"your-email\" \/><\/span> <\/label>\n<\/p>\n<p><label> Betreff<br \/>\n<span class=\"wpcf7-form-control-wrap\" data-name=\"your-subject\"><input size=\"40\" maxlength=\"400\" class=\"wpcf7-form-control wpcf7-text\" aria-invalid=\"false\" value=\"\" type=\"text\" name=\"your-subject\" \/><\/span> <\/label>\n<\/p>\n<p><label> Deine Nachricht<br \/>\n<span class=\"wpcf7-form-control-wrap\" data-name=\"your-message\"><textarea cols=\"40\" rows=\"10\" maxlength=\"2000\" class=\"wpcf7-form-control wpcf7-textarea\" aria-invalid=\"false\" name=\"your-message\"><\/textarea><\/span> <\/label>\n<\/p>\n<p><input class=\"wpcf7-form-control wpcf7-submit has-spinner\" type=\"submit\" value=\"Nachricht senden\" \/>\n<\/p><div class=\"wpcf7-response-output\" aria-hidden=\"true\"><\/div>\n<\/form>\n<\/div>\n <\/center>\n\n\n\n<p style=\"text-decoration:line-through\">Wer aktuell \u00fcber Neuerscheinungen informiert bleiben m\u00f6chte, kann den Blog <em>Das Erbe Roms<\/em> auch abonnieren.<\/p>\n\n\n\n<center>  <\/center>\n\n\n\n<p><\/p>\n\n\n\n<p>Und noch ein Hinweis in Sachen Datenschutzgrundverordnung. Dies ist ein ausschlie\u00dflich privater Blog f\u00fcr den die EU-DSGVO nicht gilt. Daher habe ich auf den Cookie-Hinweis verzichtet. Der Schutz personenbezogener Daten ist nat\u00fcrlich wichtig und hier gibt es mehr <a href=\"https:\/\/naehrlich.de\/daserberoms\/impressum\/\">Informationen<\/a> dazu.<\/p>\n\n\n\n\n\n<h3 class=\"wp-block-heading\">Inhaltsverzeichnis von Das Erbe Roms<\/h3>\n\n\n<ul class=\"wp-block-categories-list wp-block-categories\">\t<li class=\"cat-item cat-item-16\"><a href=\"https:\/\/naehrlich.de\/daserberoms\/category\/alle-beitraege\/\">Alle Beitr\u00e4ge<\/a> (407)\n<ul class='children'>\n\t<li class=\"cat-item cat-item-970\"><a href=\"https:\/\/naehrlich.de\/daserberoms\/category\/alle-beitraege\/english\/\">English<\/a> (6)\n<\/li>\n<\/ul>\n<\/li>\n\t<li class=\"cat-item cat-item-938\"><a href=\"https:\/\/naehrlich.de\/daserberoms\/category\/architektur\/\">Architektur<\/a> (26)\n<ul class='children'>\n\t<li class=\"cat-item cat-item-837\"><a href=\"https:\/\/naehrlich.de\/daserberoms\/category\/architektur\/klassizismus\/\">Klassizismus<\/a> (16)\n<\/li>\n\t<li class=\"cat-item cat-item-986\"><a href=\"https:\/\/naehrlich.de\/daserberoms\/category\/architektur\/rationalismus\/\">Rationalismus<\/a> (8)\n<\/li>\n<\/ul>\n<\/li>\n\t<li class=\"cat-item cat-item-984\"><a href=\"https:\/\/naehrlich.de\/daserberoms\/category\/bildhauerei\/\">Bildhauerei<\/a> (28)\n<ul class='children'>\n\t<li class=\"cat-item cat-item-987\"><a href=\"https:\/\/naehrlich.de\/daserberoms\/category\/bildhauerei\/klassizismus-bildhauerei\/\">Klassizismus<\/a> (16)\n<\/li>\n\t<li class=\"cat-item cat-item-985\"><a href=\"https:\/\/naehrlich.de\/daserberoms\/category\/bildhauerei\/renaissance\/\">Renaissance<\/a> (6)\n<\/li>\n<\/ul>\n<\/li>\n\t<li class=\"cat-item cat-item-752\"><a href=\"https:\/\/naehrlich.de\/daserberoms\/category\/ein-bild-sagt-mehr-als-tausend-worte\/\">Ein Bild sagt mehr als tausend Worte<\/a> (9)\n<\/li>\n\t<li class=\"cat-item cat-item-715\"><a href=\"https:\/\/naehrlich.de\/daserberoms\/category\/essentials\/\">Essentials<\/a> (66)\n<\/li>\n\t<li class=\"cat-item cat-item-1007\"><a href=\"https:\/\/naehrlich.de\/daserberoms\/category\/malerei\/\">Malerei<\/a> (13)\n<ul class='children'>\n\t<li class=\"cat-item cat-item-1008\"><a href=\"https:\/\/naehrlich.de\/daserberoms\/category\/malerei\/ki-kunst\/\">KI-Kunst<\/a> (8)\n<\/li>\n<\/ul>\n<\/li>\n\t<li class=\"cat-item cat-item-942\"><a href=\"https:\/\/naehrlich.de\/daserberoms\/category\/menschen-und-goetter\/\">Menschen und G\u00f6tter<\/a> (50)\n<ul class='children'>\n\t<li class=\"cat-item cat-item-946\"><a href=\"https:\/\/naehrlich.de\/daserberoms\/category\/menschen-und-goetter\/goetter-und-heroen\/\">G\u00f6tter und Heroen<\/a> (25)\n<\/li>\n\t<li class=\"cat-item cat-item-943\"><a href=\"https:\/\/naehrlich.de\/daserberoms\/category\/menschen-und-goetter\/menschen-im-museum\/\">Menschen im Museum<\/a> (6)\n<\/li>\n\t<li class=\"cat-item cat-item-1093\"><a href=\"https:\/\/naehrlich.de\/daserberoms\/category\/menschen-und-goetter\/stiftungen-vereinigungen\/\">Stiftungen Vereinigungen<\/a> (7)\n<\/li>\n<\/ul>\n<\/li>\n\t<li class=\"cat-item cat-item-937\"><a href=\"https:\/\/naehrlich.de\/daserberoms\/category\/provinzen-und-laender\/\">Provinzen und L\u00e4nder<\/a> (308)\n<ul class='children'>\n\t<li class=\"cat-item cat-item-2\"><a href=\"https:\/\/naehrlich.de\/daserberoms\/category\/provinzen-und-laender\/aegypten\/\">\u00c4gypten<\/a> (27)\n<\/li>\n\t<li class=\"cat-item cat-item-5\"><a href=\"https:\/\/naehrlich.de\/daserberoms\/category\/provinzen-und-laender\/britannien\/\">Britannien<\/a> (31)\n<\/li>\n\t<li class=\"cat-item cat-item-6\"><a href=\"https:\/\/naehrlich.de\/daserberoms\/category\/provinzen-und-laender\/dakien\/\">Dakien<\/a> (5)\n<\/li>\n\t<li class=\"cat-item cat-item-7\"><a href=\"https:\/\/naehrlich.de\/daserberoms\/category\/provinzen-und-laender\/gallien\/\">Gallien<\/a> (29)\n<\/li>\n\t<li class=\"cat-item cat-item-8\"><a href=\"https:\/\/naehrlich.de\/daserberoms\/category\/provinzen-und-laender\/germanien\/\">Germanien<\/a> (114)\n<\/li>\n\t<li class=\"cat-item cat-item-277\"><a href=\"https:\/\/naehrlich.de\/daserberoms\/category\/provinzen-und-laender\/griechenland\/\">Griechenland<\/a> (18)\n<\/li>\n\t<li class=\"cat-item cat-item-9\"><a href=\"https:\/\/naehrlich.de\/daserberoms\/category\/provinzen-und-laender\/hispanien\/\">Hispanien<\/a> (23)\n<\/li>\n\t<li class=\"cat-item cat-item-10\"><a href=\"https:\/\/naehrlich.de\/daserberoms\/category\/provinzen-und-laender\/israel\/\">Israel<\/a> (14)\n<\/li>\n\t<li class=\"cat-item cat-item-507\"><a href=\"https:\/\/naehrlich.de\/daserberoms\/category\/provinzen-und-laender\/italien\/\">Italien<\/a> (74)\n<\/li>\n\t<li class=\"cat-item cat-item-11\"><a href=\"https:\/\/naehrlich.de\/daserberoms\/category\/provinzen-und-laender\/libyen\/\">Libyen<\/a> (6)\n<\/li>\n\t<li class=\"cat-item cat-item-12\"><a href=\"https:\/\/naehrlich.de\/daserberoms\/category\/provinzen-und-laender\/marokko\/\">Marokko<\/a> (4)\n<\/li>\n\t<li class=\"cat-item cat-item-383\"><a href=\"https:\/\/naehrlich.de\/daserberoms\/category\/provinzen-und-laender\/noricum\/\">Noricum<\/a> (4)\n<\/li>\n\t<li class=\"cat-item cat-item-14\"><a href=\"https:\/\/naehrlich.de\/daserberoms\/category\/provinzen-und-laender\/pannonien\/\">Pannonien<\/a> (8)\n<\/li>\n\t<li class=\"cat-item cat-item-15\"><a href=\"https:\/\/naehrlich.de\/daserberoms\/category\/provinzen-und-laender\/raetien\/\">Raetien<\/a> (19)\n<\/li>\n\t<li class=\"cat-item cat-item-1011\"><a href=\"https:\/\/naehrlich.de\/daserberoms\/category\/provinzen-und-laender\/schweiz\/\">Schweiz<\/a> (4)\n<\/li>\n\t<li class=\"cat-item cat-item-18\"><a href=\"https:\/\/naehrlich.de\/daserberoms\/category\/provinzen-und-laender\/syrien\/\">Syrien<\/a> (21)\n<\/li>\n\t<li class=\"cat-item cat-item-1079\"><a href=\"https:\/\/naehrlich.de\/daserberoms\/category\/provinzen-und-laender\/tunesien\/\">Tunesien<\/a> (12)\n<\/li>\n\t<li class=\"cat-item cat-item-19\"><a href=\"https:\/\/naehrlich.de\/daserberoms\/category\/provinzen-und-laender\/turkei\/\">T\u00fcrkei<\/a> (30)\n<\/li>\n<\/ul>\n<\/li>\n\t<li class=\"cat-item cat-item-17\"><a href=\"https:\/\/naehrlich.de\/daserberoms\/category\/rom\/\">Rom<\/a> (84)\n<\/li>\n\t<li class=\"cat-item cat-item-945\"><a href=\"https:\/\/naehrlich.de\/daserberoms\/category\/tipps\/\">Tipps<\/a> (26)\n<ul class='children'>\n\t<li class=\"cat-item cat-item-978\"><a href=\"https:\/\/naehrlich.de\/daserberoms\/category\/tipps\/lauftipps\/\">Lauftipps<\/a> (3)\n<\/li>\n\t<li class=\"cat-item cat-item-976\"><a href=\"https:\/\/naehrlich.de\/daserberoms\/category\/tipps\/museumsfuehrer\/\">Museumsf\u00fchrer<\/a> (4)\n<\/li>\n\t<li class=\"cat-item cat-item-977\"><a href=\"https:\/\/naehrlich.de\/daserberoms\/category\/tipps\/reisetipps\/\">Reisetipps<\/a> (3)\n<\/li>\n\t<li class=\"cat-item cat-item-988\"><a href=\"https:\/\/naehrlich.de\/daserberoms\/category\/tipps\/fototechnik\/\">Technik<\/a> (12)\n<\/li>\n\t<li class=\"cat-item cat-item-979\"><a href=\"https:\/\/naehrlich.de\/daserberoms\/category\/tipps\/top10\/\">Top 10<\/a> (3)\n<\/li>\n<\/ul>\n<\/li>\n\t<li class=\"cat-item cat-item-939\"><a href=\"https:\/\/naehrlich.de\/daserberoms\/category\/wort-und-bild\/\">Wort und Bild<\/a> (43)\n<ul class='children'>\n\t<li class=\"cat-item cat-item-940\"><a href=\"https:\/\/naehrlich.de\/daserberoms\/category\/wort-und-bild\/comics\/\">Comics<\/a> (3)\n<\/li>\n\t<li class=\"cat-item cat-item-1112\"><a href=\"https:\/\/naehrlich.de\/daserberoms\/category\/wort-und-bild\/podcast\/\">Podcast<\/a> (1)\n<\/li>\n\t<li class=\"cat-item cat-item-941\"><a href=\"https:\/\/naehrlich.de\/daserberoms\/category\/wort-und-bild\/romane\/\">Romane<\/a> (23)\n<\/li>\n\t<li class=\"cat-item cat-item-944\"><a href=\"https:\/\/naehrlich.de\/daserberoms\/category\/wort-und-bild\/tv-und-serien\/\">TV und Serien<\/a> (17)\n<\/li>\n<\/ul>\n<\/li>\n<\/ul>\n\n\n<p>Die Kategorien will ich demn\u00e4chst noch erweitern und muss einige Beitr\u00e4ge auch noch neu verschlagworten. Wer sich chronologisch umschauen, kann das jetzt auch tun. Einige &#8211; wie ich finde &#8211; besonders sch\u00f6ne Beitr\u00e4ge habe ich als <em>Essentials<\/em> kategorisiert und die Aesop Story Engine bietet f\u00fcr die Darstellung von Beitr\u00e4gen nach Kategorien ein eigenes Element an.<\/p>\n\n\n<ul class=\"wp-block-archives-list wp-block-archives\">\t<li><a href='https:\/\/naehrlich.de\/daserberoms\/2025\/'>2025<\/a>&nbsp;(41)<\/li>\n\t<li><a href='https:\/\/naehrlich.de\/daserberoms\/2024\/'>2024<\/a>&nbsp;(52)<\/li>\n\t<li><a href='https:\/\/naehrlich.de\/daserberoms\/2023\/'>2023<\/a>&nbsp;(38)<\/li>\n\t<li><a href='https:\/\/naehrlich.de\/daserberoms\/2022\/'>2022<\/a>&nbsp;(31)<\/li>\n\t<li><a href='https:\/\/naehrlich.de\/daserberoms\/2021\/'>2021<\/a>&nbsp;(23)<\/li>\n\t<li><a href='https:\/\/naehrlich.de\/daserberoms\/2020\/'>2020<\/a>&nbsp;(35)<\/li>\n\t<li><a href='https:\/\/naehrlich.de\/daserberoms\/2019\/'>2019<\/a>&nbsp;(34)<\/li>\n\t<li><a href='https:\/\/naehrlich.de\/daserberoms\/2018\/'>2018<\/a>&nbsp;(22)<\/li>\n\t<li><a href='https:\/\/naehrlich.de\/daserberoms\/2017\/'>2017<\/a>&nbsp;(29)<\/li>\n\t<li><a href='https:\/\/naehrlich.de\/daserberoms\/2016\/'>2016<\/a>&nbsp;(34)<\/li>\n\t<li><a href='https:\/\/naehrlich.de\/daserberoms\/2015\/'>2015<\/a>&nbsp;(25)<\/li>\n\t<li><a href='https:\/\/naehrlich.de\/daserberoms\/2014\/'>2014<\/a>&nbsp;(40)<\/li>\n\t<li><a href='https:\/\/naehrlich.de\/daserberoms\/2013\/'>2013<\/a>&nbsp;(5)<\/li>\n\t<li><a href='https:\/\/naehrlich.de\/daserberoms\/2012\/'>2012<\/a>&nbsp;(9)<\/li>\n\t<li><a href='https:\/\/naehrlich.de\/daserberoms\/2011\/'>2011<\/a>&nbsp;(3)<\/li>\n\t<li><a href='https:\/\/naehrlich.de\/daserberoms\/2010\/'>2010<\/a>&nbsp;(1)<\/li>\n\t<li><a href='https:\/\/naehrlich.de\/daserberoms\/2005\/'>2005<\/a>&nbsp;(1)<\/li>\n\t<li><a href='https:\/\/naehrlich.de\/daserberoms\/1999\/'>1999<\/a>&nbsp;(1)<\/li>\n\t<li><a href='https:\/\/naehrlich.de\/daserberoms\/1990\/'>1990<\/a>&nbsp;(2)<\/li>\n\t<li><a href='https:\/\/naehrlich.de\/daserberoms\/1989\/'>1989<\/a>&nbsp;(1)<\/li>\n<\/ul>\n\n\n<h3 class=\"wp-block-heading\">Einige Essentials<\/h3>\n\n\n","protected":false},"excerpt":{"rendered":"<p>Herzlich willkommen, liebe Leserin, lieber Leser, auf meinem alten Blog Das Erbe Roms. Ich bin Stefan N\u00e4hrlich aus Berlin. Mein neuer Blog zum gleichen Thema, aber mit anderem Design und bei einem anderen Webhoster, ist hier zu finden. Dort erscheinen auch die neuen Beitr\u00e4ge. Diese alten Webseiten hier bleiben noch bestehen. Die Anmeldung zum Newsletter [&hellip;]<\/p>\n","protected":false},"author":1,"featured_media":20883,"parent":0,"menu_order":0,"comment_status":"closed","ping_status":"closed","template":"","meta":{"footnotes":""},"class_list":["post-2829","page","type-page","status-publish","has-post-thumbnail","hentry"],"yoast_head":"<!-- This site is optimized with the Yoast SEO plugin v27.4 - https:\/\/yoast.com\/product\/yoast-seo-wordpress\/ -->\n<title>Autor &amp; \u00dcberblick - DasErbeRoms - alterBlog<\/title>\n<meta name=\"description\" content=\"Ich reise durch die L\u00e4nder des ehemaligen r\u00f6mischen Reiches, fotografiere und suche nach Geschichten. Dar\u00fcber blogge ich auf Das Erbe Roms.\" \/>\n<meta name=\"robots\" content=\"index, follow, max-snippet:-1, max-image-preview:large, max-video-preview:-1\" \/>\n<link rel=\"canonical\" href=\"https:\/\/naehrlich.de\/daserberoms\/autor-und-ueberblick\/\" \/>\n<meta property=\"og:locale\" content=\"de_DE\" \/>\n<meta property=\"og:type\" content=\"article\" \/>\n<meta property=\"og:title\" content=\"Autor &amp; \u00dcberblick - DasErbeRoms - alterBlog\" \/>\n<meta property=\"og:description\" content=\"Ich reise durch die L\u00e4nder des ehemaligen r\u00f6mischen Reiches, fotografiere und suche nach Geschichten. Dar\u00fcber blogge ich auf Das Erbe Roms.\" \/>\n<meta property=\"og:url\" content=\"https:\/\/naehrlich.de\/daserberoms\/autor-und-ueberblick\/\" \/>\n<meta property=\"og:site_name\" content=\"DasErbeRoms - alterBlog\" \/>\n<meta property=\"article:publisher\" content=\"http:\/\/www.facebook.com\/stefan.naehrlich\" \/>\n<meta property=\"article:modified_time\" content=\"2025-12-22T06:30:28+00:00\" \/>\n<meta property=\"og:image\" content=\"https:\/\/naehrlich.de\/daserberoms\/wp-content\/uploads\/2022\/01\/IMG_37833-e1641407861100.jpg\" \/>\n\t<meta property=\"og:image:width\" content=\"2000\" \/>\n\t<meta property=\"og:image:height\" content=\"775\" \/>\n\t<meta property=\"og:image:type\" content=\"image\/jpeg\" \/>\n<meta name=\"twitter:card\" content=\"summary_large_image\" \/>\n<meta name=\"twitter:site\" content=\"@DasErbeRoms\" \/>\n<meta name=\"twitter:label1\" content=\"Gesch\u00e4tzte Lesezeit\" \/>\n\t<meta name=\"twitter:data1\" content=\"2\u00a0Minuten\" \/>\n<script type=\"application\/ld+json\" class=\"yoast-schema-graph\">{\"@context\":\"https:\\\/\\\/schema.org\",\"@graph\":[{\"@type\":\"WebPage\",\"@id\":\"https:\\\/\\\/naehrlich.de\\\/daserberoms\\\/autor-und-ueberblick\\\/\",\"url\":\"https:\\\/\\\/naehrlich.de\\\/daserberoms\\\/autor-und-ueberblick\\\/\",\"name\":\"Autor & \u00dcberblick - DasErbeRoms - alterBlog\",\"isPartOf\":{\"@id\":\"https:\\\/\\\/naehrlich.de\\\/daserberoms\\\/#website\"},\"primaryImageOfPage\":{\"@id\":\"https:\\\/\\\/naehrlich.de\\\/daserberoms\\\/autor-und-ueberblick\\\/#primaryimage\"},\"image\":{\"@id\":\"https:\\\/\\\/naehrlich.de\\\/daserberoms\\\/autor-und-ueberblick\\\/#primaryimage\"},\"thumbnailUrl\":\"https:\\\/\\\/naehrlich.de\\\/daserberoms\\\/wp-content\\\/uploads\\\/2022\\\/01\\\/IMG_37833-e1641407861100.jpg\",\"datePublished\":\"2015-11-29T06:57:27+00:00\",\"dateModified\":\"2025-12-22T06:30:28+00:00\",\"description\":\"Ich reise durch die L\u00e4nder des ehemaligen r\u00f6mischen Reiches, fotografiere und suche nach Geschichten. Dar\u00fcber blogge ich auf Das Erbe Roms.\",\"breadcrumb\":{\"@id\":\"https:\\\/\\\/naehrlich.de\\\/daserberoms\\\/autor-und-ueberblick\\\/#breadcrumb\"},\"inLanguage\":\"de\",\"potentialAction\":[{\"@type\":\"ReadAction\",\"target\":[\"https:\\\/\\\/naehrlich.de\\\/daserberoms\\\/autor-und-ueberblick\\\/\"]}]},{\"@type\":\"ImageObject\",\"inLanguage\":\"de\",\"@id\":\"https:\\\/\\\/naehrlich.de\\\/daserberoms\\\/autor-und-ueberblick\\\/#primaryimage\",\"url\":\"https:\\\/\\\/naehrlich.de\\\/daserberoms\\\/wp-content\\\/uploads\\\/2022\\\/01\\\/IMG_37833-e1641407861100.jpg\",\"contentUrl\":\"https:\\\/\\\/naehrlich.de\\\/daserberoms\\\/wp-content\\\/uploads\\\/2022\\\/01\\\/IMG_37833-e1641407861100.jpg\",\"width\":2000,\"height\":775,\"caption\":\"Das Erbe Roms\"},{\"@type\":\"BreadcrumbList\",\"@id\":\"https:\\\/\\\/naehrlich.de\\\/daserberoms\\\/autor-und-ueberblick\\\/#breadcrumb\",\"itemListElement\":[{\"@type\":\"ListItem\",\"position\":1,\"name\":\"Startseite\",\"item\":\"https:\\\/\\\/naehrlich.de\\\/daserberoms\\\/\"},{\"@type\":\"ListItem\",\"position\":2,\"name\":\"Autor &#038; \u00dcberblick\"}]},{\"@type\":\"WebSite\",\"@id\":\"https:\\\/\\\/naehrlich.de\\\/daserberoms\\\/#website\",\"url\":\"https:\\\/\\\/naehrlich.de\\\/daserberoms\\\/\",\"name\":\"DasErbeRoms - alterBlog\",\"description\":\"Reisen auf den Spuren der alten R\u00f6mer. Von weltbekannt bis unbekannt. Fotos und Texte. Und ab und an einige Buch- und Filmbesprechungen und KI-Experimente.\",\"potentialAction\":[{\"@type\":\"SearchAction\",\"target\":{\"@type\":\"EntryPoint\",\"urlTemplate\":\"https:\\\/\\\/naehrlich.de\\\/daserberoms\\\/?s={search_term_string}\"},\"query-input\":{\"@type\":\"PropertyValueSpecification\",\"valueRequired\":true,\"valueName\":\"search_term_string\"}}],\"inLanguage\":\"de\"}]}<\/script>\n<!-- \/ Yoast SEO plugin. -->","yoast_head_json":{"title":"Autor & \u00dcberblick - DasErbeRoms - alterBlog","description":"Ich reise durch die L\u00e4nder des ehemaligen r\u00f6mischen Reiches, fotografiere und suche nach Geschichten. Dar\u00fcber blogge ich auf Das Erbe Roms.","robots":{"index":"index","follow":"follow","max-snippet":"max-snippet:-1","max-image-preview":"max-image-preview:large","max-video-preview":"max-video-preview:-1"},"canonical":"https:\/\/naehrlich.de\/daserberoms\/autor-und-ueberblick\/","og_locale":"de_DE","og_type":"article","og_title":"Autor & \u00dcberblick - DasErbeRoms - alterBlog","og_description":"Ich reise durch die L\u00e4nder des ehemaligen r\u00f6mischen Reiches, fotografiere und suche nach Geschichten. Dar\u00fcber blogge ich auf Das Erbe Roms.","og_url":"https:\/\/naehrlich.de\/daserberoms\/autor-und-ueberblick\/","og_site_name":"DasErbeRoms - alterBlog","article_publisher":"http:\/\/www.facebook.com\/stefan.naehrlich","article_modified_time":"2025-12-22T06:30:28+00:00","og_image":[{"width":2000,"height":775,"url":"https:\/\/naehrlich.de\/daserberoms\/wp-content\/uploads\/2022\/01\/IMG_37833-e1641407861100.jpg","type":"image\/jpeg"}],"twitter_card":"summary_large_image","twitter_site":"@DasErbeRoms","twitter_misc":{"Gesch\u00e4tzte Lesezeit":"2\u00a0Minuten"},"schema":{"@context":"https:\/\/schema.org","@graph":[{"@type":"WebPage","@id":"https:\/\/naehrlich.de\/daserberoms\/autor-und-ueberblick\/","url":"https:\/\/naehrlich.de\/daserberoms\/autor-und-ueberblick\/","name":"Autor & \u00dcberblick - DasErbeRoms - alterBlog","isPartOf":{"@id":"https:\/\/naehrlich.de\/daserberoms\/#website"},"primaryImageOfPage":{"@id":"https:\/\/naehrlich.de\/daserberoms\/autor-und-ueberblick\/#primaryimage"},"image":{"@id":"https:\/\/naehrlich.de\/daserberoms\/autor-und-ueberblick\/#primaryimage"},"thumbnailUrl":"https:\/\/naehrlich.de\/daserberoms\/wp-content\/uploads\/2022\/01\/IMG_37833-e1641407861100.jpg","datePublished":"2015-11-29T06:57:27+00:00","dateModified":"2025-12-22T06:30:28+00:00","description":"Ich reise durch die L\u00e4nder des ehemaligen r\u00f6mischen Reiches, fotografiere und suche nach Geschichten. Dar\u00fcber blogge ich auf Das Erbe Roms.","breadcrumb":{"@id":"https:\/\/naehrlich.de\/daserberoms\/autor-und-ueberblick\/#breadcrumb"},"inLanguage":"de","potentialAction":[{"@type":"ReadAction","target":["https:\/\/naehrlich.de\/daserberoms\/autor-und-ueberblick\/"]}]},{"@type":"ImageObject","inLanguage":"de","@id":"https:\/\/naehrlich.de\/daserberoms\/autor-und-ueberblick\/#primaryimage","url":"https:\/\/naehrlich.de\/daserberoms\/wp-content\/uploads\/2022\/01\/IMG_37833-e1641407861100.jpg","contentUrl":"https:\/\/naehrlich.de\/daserberoms\/wp-content\/uploads\/2022\/01\/IMG_37833-e1641407861100.jpg","width":2000,"height":775,"caption":"Das Erbe Roms"},{"@type":"BreadcrumbList","@id":"https:\/\/naehrlich.de\/daserberoms\/autor-und-ueberblick\/#breadcrumb","itemListElement":[{"@type":"ListItem","position":1,"name":"Startseite","item":"https:\/\/naehrlich.de\/daserberoms\/"},{"@type":"ListItem","position":2,"name":"Autor &#038; \u00dcberblick"}]},{"@type":"WebSite","@id":"https:\/\/naehrlich.de\/daserberoms\/#website","url":"https:\/\/naehrlich.de\/daserberoms\/","name":"DasErbeRoms - alterBlog","description":"Reisen auf den Spuren der alten R\u00f6mer. Von weltbekannt bis unbekannt. Fotos und Texte. Und ab und an einige Buch- und Filmbesprechungen und KI-Experimente.","potentialAction":[{"@type":"SearchAction","target":{"@type":"EntryPoint","urlTemplate":"https:\/\/naehrlich.de\/daserberoms\/?s={search_term_string}"},"query-input":{"@type":"PropertyValueSpecification","valueRequired":true,"valueName":"search_term_string"}}],"inLanguage":"de"}]}},"_links":{"self":[{"href":"https:\/\/naehrlich.de\/daserberoms\/wp-json\/wp\/v2\/pages\/2829","targetHints":{"allow":["GET"]}}],"collection":[{"href":"https:\/\/naehrlich.de\/daserberoms\/wp-json\/wp\/v2\/pages"}],"about":[{"href":"https:\/\/naehrlich.de\/daserberoms\/wp-json\/wp\/v2\/types\/page"}],"author":[{"embeddable":true,"href":"https:\/\/naehrlich.de\/daserberoms\/wp-json\/wp\/v2\/users\/1"}],"replies":[{"embeddable":true,"href":"https:\/\/naehrlich.de\/daserberoms\/wp-json\/wp\/v2\/comments?post=2829"}],"version-history":[{"count":158,"href":"https:\/\/naehrlich.de\/daserberoms\/wp-json\/wp\/v2\/pages\/2829\/revisions"}],"predecessor-version":[{"id":35660,"href":"https:\/\/naehrlich.de\/daserberoms\/wp-json\/wp\/v2\/pages\/2829\/revisions\/35660"}],"wp:featuredmedia":[{"embeddable":true,"href":"https:\/\/naehrlich.de\/daserberoms\/wp-json\/wp\/v2\/media\/20883"}],"wp:attachment":[{"href":"https:\/\/naehrlich.de\/daserberoms\/wp-json\/wp\/v2\/media?parent=2829"}],"curies":[{"name":"wp","href":"https:\/\/api.w.org\/{rel}","templated":true}]}}